{"id":2,"date":"2018-06-12T09:54:26","date_gmt":"2018-06-12T07:54:26","guid":{"rendered":"http:\/\/activetrainingway.com\/?page_id=2"},"modified":"2025-12-19T16:49:21","modified_gmt":"2025-12-19T15:49:21","slug":"references_client","status":"publish","type":"page","link":"https:\/\/activetrainingway.com\/index.php\/references_client\/","title":{"rendered":"R\u00e9f\u00e9rences"},"content":{"rendered":"<p>Quelques exemples de clients parmi ceux qui nous font d\u00e9j\u00e0 confiance pour les accompagner\u00a0 : INGENICO France,\u00a0<span style=\"font-size: 1rem;\">Soci\u00e9t\u00e9 G\u00e9n\u00e9rale, <\/span><span style=\"font-size: 1rem;\">Carrefour MarketPay, FIME France, Banque Chabri\u00e8re, STIME,\u00a0 La Coop Conseils, Soci\u00e9t\u00e9 G\u00e9n\u00e9rale ainsi que d&rsquo;autres organismes de formation comme l&rsquo;ESBANQUE.<\/span><\/p>\n<p style=\"padding-left: 40px;\"><span style=\"text-decoration: underline;\">Exemples de prestations de services<\/span><\/p>\n<p style=\"padding-left: 80px;\">&#8211; Direction de programme de mise en conformit\u00e9, Direction de projets mon\u00e9tiques et moyens de paiement, Direction d&rsquo;activit\u00e9 mon\u00e9tique<\/p>\n<p style=\"padding-left: 80px;\">&#8211; Accompagnement sur des sujets d&rsquo;expertises, d&rsquo;innovation (tels que la mise en place d&rsquo;une plateforme WERO) et sur des sujets plus classiques en termes de Mon\u00e9tique, de Moyens de paiement et de S\u00e9curit\u00e9 dans le domaine bancaire<\/p>\n<p style=\"padding-left: 80px;\">&#8211; Accompagnement de clients sur diverses certifications et programmes de mise en conformit\u00e9<\/p>\n<p style=\"padding-left: 80px;\">&#8211; Veille r\u00e9glementaire et sectorielle<\/p>\n<p style=\"padding-left: 40px;\"><span style=\"text-decoration: underline;\">Exemple de prestations en lien avec les formations<\/span><\/p>\n<p style=\"padding-left: 80px;\">&#8211; Accompagnement sur la conception de formations en pr\u00e9sentiel et en distanciel sur des sujets tels que l&rsquo;initiation \u00e0 la mon\u00e9tique, ou encore d&rsquo;introduction \u00e0 la s\u00e9curit\u00e9 dans les moyens de paiement,<\/p>\n<p style=\"padding-left: 80px;\">&#8211; Conception \/ Dispense de formations dans les diff\u00e9rentes modalit\u00e9s (Pr\u00e9sentiel, Distanciel synchrone)<\/p>\n<p style=\"padding-left: 80px;\">&#8211; Conception de e-learnings sur diff\u00e9rentes th\u00e9matiques du domaine bancaire<\/p>\n<p>&nbsp;<\/p>\n<p><span style=\"text-decoration: underline;\">F.\u00a0 partage son avis en tant que RSSI :<\/span> \u00a0\u00bb <em>Je tenais \u00e0 souligner ma grande satisfaction de la formation de e-learning PCI-DSS propos\u00e9e par la soci\u00e9t\u00e9 Active Training Way SA.\u00a0 <\/em><\/p>\n<p><em>En effet , l\u2019ensemble des salari\u00e9s a \u00e9t\u00e9 enti\u00e8rement satisfait de cette formation n\u00e9cessaire et obligatoire dans le contexte de notre soci\u00e9t\u00e9. <\/em><em>La formation a \u00e9t\u00e9 tr\u00e8s appr\u00e9ci\u00e9e de par sa qualit\u00e9 de r\u00e9alisation et d\u2019enchainements des animations (texte et charte graphique) et de par sa qualit\u00e9 didactique sur un sujet complexe.<\/em><\/p>\n<p><em>Merci encore \u00e0 Richard LOBREAU pour cette tr\u00e8s bonne r\u00e9alisation que nous renouvellerons en 2021<\/em>\u00a0\u00bb<\/p>\n<p>Merci \u00e0 F. qui nous a renouvel\u00e9 sa confiance les ann\u00e9es suivantes.<\/p>\n<p>&nbsp;<\/p>\n<p>Quelques chiffres sur nos formations :<\/p>\n<p style=\"padding-left: 30px;\">&#8211; Taux de maintien de nos sessions 2025 : 100 %<\/p>\n<p style=\"padding-left: 30px;\">&#8211; Taux de satisfaction client 2025 :\u00a0 4,8 \/ 5<\/p>\n<p style=\"padding-left: 30px;\">&#8211; Taux de satisfaction e-learning\u00a0 :\u00a0 95%<\/p>\n<p>&nbsp;<\/p>\n<p>Notre soci\u00e9t\u00e9 est datadock\u00e9e depuis d\u00e9cembre 2018 et\u00a0 d\u00e9j\u00e0 r\u00e9f\u00e9renc\u00e9e par le FAFIEC et par AKTO (r\u00e9seau OPCALIA). Notre soci\u00e9t\u00e9 est \u00e9galement en cours de renouvellement de sa certification Qualiopi, obtenue la premi\u00e8re fois\u00a0 d\u00e8s juillet 2021.<\/p>\n<p><img loading=\"lazy\" decoding=\"async\" class=\"alignnone wp-image-103\" src=\"http:\/\/activetrainingway.com\/wp-content\/uploads\/2019\/01\/Picto_datadocke-278x300.jpg\" alt=\"\" width=\"109\" height=\"119\" srcset=\"https:\/\/activetrainingway.com\/wp-content\/uploads\/2019\/01\/Picto_datadocke-278x300.jpg 278w, https:\/\/activetrainingway.com\/wp-content\/uploads\/2019\/01\/Picto_datadocke.jpg 716w\" sizes=\"auto, (max-width: 109px) 100vw, 109px\" \/><img loading=\"lazy\" decoding=\"async\" class=\"alignnone wp-image-196\" src=\"http:\/\/activetrainingway.com\/wp-content\/uploads\/2021\/07\/LogoQualiopi-300dpi-Avec_Marianne-300x160.png\" alt=\"\" width=\"206\" height=\"109\" srcset=\"https:\/\/activetrainingway.com\/wp-content\/uploads\/2021\/07\/LogoQualiopi-300dpi-Avec_Marianne-300x160.png 300w, https:\/\/activetrainingway.com\/wp-content\/uploads\/2021\/07\/LogoQualiopi-300dpi-Avec_Marianne.png 633w\" sizes=\"auto, (max-width: 206px) 100vw, 206px\" \/><\/p>\n<p>N&rsquo;h\u00e9sitez pas \u00e0 nous contacter.<\/p>\n","protected":false},"excerpt":{"rendered":"<p>Quelques exemples de clients parmi ceux qui nous font d\u00e9j\u00e0 confiance pour les accompagner\u00a0 : INGENICO France,\u00a0Soci\u00e9t\u00e9 G\u00e9n\u00e9rale, Carrefour MarketPay, FIME France, Banque Chabri\u00e8re, STIME,\u00a0 La Coop Conseils, Soci\u00e9t\u00e9 G\u00e9n\u00e9rale ainsi que d&rsquo;autres organismes de formation comme l&rsquo;ESBANQUE. Exemples de prestations de services &#8211; Direction de programme de mise en conformit\u00e9, Direction de projets mon\u00e9tiques &hellip; <\/p>\n<p class=\"link-more\"><a href=\"https:\/\/activetrainingway.com\/index.php\/references_client\/\" class=\"more-link\">Continuer la lecture<span class=\"screen-reader-text\"> de &laquo;&nbsp;R\u00e9f\u00e9rences&nbsp;&raquo;<\/span><\/a><\/p>\n","protected":false},"author":1,"featured_media":57,"parent":0,"menu_order":0,"comment_status":"closed","ping_status":"closed","template":"","meta":{"footnotes":""},"class_list":["post-2","page","type-page","status-publish","has-post-thumbnail","hentry"],"aioseo_notices":[],"_links":{"self":[{"href":"https:\/\/activetrainingway.com\/index.php\/wp-json\/wp\/v2\/pages\/2","targetHints":{"allow":["GET"]}}],"collection":[{"href":"https:\/\/activetrainingway.com\/index.php\/wp-json\/wp\/v2\/pages"}],"about":[{"href":"https:\/\/activetrainingway.com\/index.php\/wp-json\/wp\/v2\/types\/page"}],"author":[{"embeddable":true,"href":"https:\/\/activetrainingway.com\/index.php\/wp-json\/wp\/v2\/users\/1"}],"replies":[{"embeddable":true,"href":"https:\/\/activetrainingway.com\/index.php\/wp-json\/wp\/v2\/comments?post=2"}],"version-history":[{"count":42,"href":"https:\/\/activetrainingway.com\/index.php\/wp-json\/wp\/v2\/pages\/2\/revisions"}],"predecessor-version":[{"id":258,"href":"https:\/\/activetrainingway.com\/index.php\/wp-json\/wp\/v2\/pages\/2\/revisions\/258"}],"wp:featuredmedia":[{"embeddable":true,"href":"https:\/\/activetrainingway.com\/index.php\/wp-json\/wp\/v2\/media\/57"}],"wp:attachment":[{"href":"https:\/\/activetrainingway.com\/index.php\/wp-json\/wp\/v2\/media?parent=2"}],"curies":[{"name":"wp","href":"https:\/\/api.w.org\/{rel}","templated":true}]}}