{"id":7,"date":"2018-06-12T13:49:12","date_gmt":"2018-06-12T11:49:12","guid":{"rendered":"http:\/\/activetrainingway.com\/?page_id=7"},"modified":"2021-05-11T08:35:48","modified_gmt":"2021-05-11T06:35:48","slug":"accueil","status":"publish","type":"page","link":"https:\/\/activetrainingway.com\/","title":{"rendered":"Accueil"},"content":{"rendered":"<p>Besoin d&rsquo;une formation professionnelle dans le domaine bancaire, mon\u00e9tique ou s\u00e9curit\u00e9 bancaire vous permettant de r\u00e9elles mont\u00e9es en comp\u00e9tences ? Active Training Way peut vous accompagner \u00e0 cr\u00e9er votre parcours de formations.<\/p>\n<p>Nous disposons \u00e9galement d&rsquo;un large catalogue de formations disponibles et que nous pouvons adapter \u00e0 vos besoins.<\/p>\n<p>&nbsp;<\/p>\n<p>Au-del\u00e0 de nos formations, nous pouvons \u00e9galement vous proposer une assistance m\u00e9tier et r\u00e9glementaire sur votre activit\u00e9 Mon\u00e9tique et vos sujets d&rsquo;innovation sur le domaine.<\/p>\n","protected":false},"excerpt":{"rendered":"<p>Besoin d&rsquo;une formation professionnelle dans le domaine bancaire, mon\u00e9tique ou s\u00e9curit\u00e9 bancaire vous permettant de r\u00e9elles mont\u00e9es en comp\u00e9tences ? Active Training Way peut vous accompagner \u00e0 cr\u00e9er votre parcours de formations. Nous disposons \u00e9galement d&rsquo;un large catalogue de formations disponibles et que nous pouvons adapter \u00e0 vos besoins. &nbsp; Au-del\u00e0 de nos formations, nous &hellip; <\/p>\n<p class=\"link-more\"><a href=\"https:\/\/activetrainingway.com\/\" class=\"more-link\">Continuer la lecture<span class=\"screen-reader-text\"> de &laquo;&nbsp;Accueil&nbsp;&raquo;<\/span><\/a><\/p>\n","protected":false},"author":1,"featured_media":0,"parent":0,"menu_order":0,"comment_status":"closed","ping_status":"closed","template":"","meta":{"footnotes":""},"class_list":["post-7","page","type-page","status-publish","hentry"],"aioseo_notices":[],"_links":{"self":[{"href":"https:\/\/activetrainingway.com\/index.php\/wp-json\/wp\/v2\/pages\/7","targetHints":{"allow":["GET"]}}],"collection":[{"href":"https:\/\/activetrainingway.com\/index.php\/wp-json\/wp\/v2\/pages"}],"about":[{"href":"https:\/\/activetrainingway.com\/index.php\/wp-json\/wp\/v2\/types\/page"}],"author":[{"embeddable":true,"href":"https:\/\/activetrainingway.com\/index.php\/wp-json\/wp\/v2\/users\/1"}],"replies":[{"embeddable":true,"href":"https:\/\/activetrainingway.com\/index.php\/wp-json\/wp\/v2\/comments?post=7"}],"version-history":[{"count":13,"href":"https:\/\/activetrainingway.com\/index.php\/wp-json\/wp\/v2\/pages\/7\/revisions"}],"predecessor-version":[{"id":184,"href":"https:\/\/activetrainingway.com\/index.php\/wp-json\/wp\/v2\/pages\/7\/revisions\/184"}],"wp:attachment":[{"href":"https:\/\/activetrainingway.com\/index.php\/wp-json\/wp\/v2\/media?parent=7"}],"curies":[{"name":"wp","href":"https:\/\/api.w.org\/{rel}","templated":true}]}}