{"id":8,"date":"2018-06-12T13:49:12","date_gmt":"2018-06-12T11:49:12","guid":{"rendered":"http:\/\/activetrainingway.com\/?page_id=8"},"modified":"2026-04-12T23:12:40","modified_gmt":"2026-04-12T21:12:40","slug":"a-propos-de","status":"publish","type":"page","link":"https:\/\/activetrainingway.com\/index.php\/a-propos-de\/","title":{"rendered":"\u00c0 propos de"},"content":{"rendered":"<p><strong>La qualit\u00e9 fait partie de nos engagements<\/strong><\/p>\n<p>Active Training Way respecte les crit\u00e8res de qualit\u00e9 d\u00e9finis par le d\u00e9cret n\u00b02015-790 du 30 juin 2015 ainsi que par le d\u00e9cret n\u00b0 2019-565 du 6 juin 2019 relatif au r\u00e9f\u00e9rentiel national sur la qualit\u00e9 des actions concourant au d\u00e9veloppement des comp\u00e9tences. Le respect de ces crit\u00e8res se retrouve dans nos proc\u00e9dures Qualit\u00e9 et m\u00e9thodes d&rsquo;apprentissage.<\/p>\n<p>&nbsp;<\/p>\n<p>Nous sommes datadock\u00e9s depuis janvier 2019<\/p>\n<p><img loading=\"lazy\" decoding=\"async\" class=\"wp-image-103 aligncenter\" src=\"http:\/\/activetrainingway.com\/wp-content\/uploads\/2019\/01\/Picto_datadocke-278x300.jpg\" alt=\"\" width=\"72\" height=\"78\" srcset=\"https:\/\/activetrainingway.com\/wp-content\/uploads\/2019\/01\/Picto_datadocke-278x300.jpg 278w, https:\/\/activetrainingway.com\/wp-content\/uploads\/2019\/01\/Picto_datadocke.jpg 716w\" sizes=\"auto, (max-width: 72px) 100vw, 72px\" \/><\/p>\n<p>et certifi\u00e9s Qualiopi depuis juillet 2021<\/p>\n<p><img loading=\"lazy\" decoding=\"async\" class=\"size-medium wp-image-196 aligncenter\" src=\"http:\/\/activetrainingway.com\/wp-content\/uploads\/2021\/07\/LogoQualiopi-300dpi-Avec_Marianne-300x160.png\" alt=\"\" width=\"300\" height=\"160\" srcset=\"https:\/\/activetrainingway.com\/wp-content\/uploads\/2021\/07\/LogoQualiopi-300dpi-Avec_Marianne-300x160.png 300w, https:\/\/activetrainingway.com\/wp-content\/uploads\/2021\/07\/LogoQualiopi-300dpi-Avec_Marianne.png 633w\" sizes=\"auto, (max-width: 300px) 100vw, 300px\" \/><\/p>\n<p style=\"text-align: center;\">La certification Qualit\u00e9 a \u00e9t\u00e9 d\u00e9livr\u00e9e depuis 2020 au titre des cat\u00e9gories d&rsquo;actions suivantes : Actions de formation.<\/p>\n<p>Cette certification est actuellement \u00e9chue et en cours de renouvellement.<\/p>\n<p>La conception de nos formations se base sur une m\u00e9thode par objectifs en p\u00e9dagogie active.<\/p>\n<p>L\u2019\u00e9laboration des d\u00e9marches didactiques est centr\u00e9e sur l&rsquo;apprenant et sur l&rsquo;utilisation du concept de classe invers\u00e9e.<\/p>\n","protected":false},"excerpt":{"rendered":"<p>La qualit\u00e9 fait partie de nos engagements Active Training Way respecte les crit\u00e8res de qualit\u00e9 d\u00e9finis par le d\u00e9cret n\u00b02015-790 du 30 juin 2015 ainsi que par le d\u00e9cret n\u00b0 2019-565 du 6 juin 2019 relatif au r\u00e9f\u00e9rentiel national sur la qualit\u00e9 des actions concourant au d\u00e9veloppement des comp\u00e9tences. Le respect de ces crit\u00e8res se &hellip; <\/p>\n<p class=\"link-more\"><a href=\"https:\/\/activetrainingway.com\/index.php\/a-propos-de\/\" class=\"more-link\">Continuer la lecture<span class=\"screen-reader-text\"> de &laquo;&nbsp;\u00c0 propos de&nbsp;&raquo;<\/span><\/a><\/p>\n","protected":false},"author":1,"featured_media":55,"parent":0,"menu_order":0,"comment_status":"closed","ping_status":"closed","template":"","meta":{"footnotes":""},"class_list":["post-8","page","type-page","status-publish","has-post-thumbnail","hentry"],"aioseo_notices":[],"_links":{"self":[{"href":"https:\/\/activetrainingway.com\/index.php\/wp-json\/wp\/v2\/pages\/8","targetHints":{"allow":["GET"]}}],"collection":[{"href":"https:\/\/activetrainingway.com\/index.php\/wp-json\/wp\/v2\/pages"}],"about":[{"href":"https:\/\/activetrainingway.com\/index.php\/wp-json\/wp\/v2\/types\/page"}],"author":[{"embeddable":true,"href":"https:\/\/activetrainingway.com\/index.php\/wp-json\/wp\/v2\/users\/1"}],"replies":[{"embeddable":true,"href":"https:\/\/activetrainingway.com\/index.php\/wp-json\/wp\/v2\/comments?post=8"}],"version-history":[{"count":7,"href":"https:\/\/activetrainingway.com\/index.php\/wp-json\/wp\/v2\/pages\/8\/revisions"}],"predecessor-version":[{"id":271,"href":"https:\/\/activetrainingway.com\/index.php\/wp-json\/wp\/v2\/pages\/8\/revisions\/271"}],"wp:featuredmedia":[{"embeddable":true,"href":"https:\/\/activetrainingway.com\/index.php\/wp-json\/wp\/v2\/media\/55"}],"wp:attachment":[{"href":"https:\/\/activetrainingway.com\/index.php\/wp-json\/wp\/v2\/media?parent=8"}],"curies":[{"name":"wp","href":"https:\/\/api.w.org\/{rel}","templated":true}]}}