{"id":9,"date":"2018-06-12T13:49:12","date_gmt":"2018-06-12T11:49:12","guid":{"rendered":"http:\/\/activetrainingway.com\/?page_id=9"},"modified":"2026-04-12T23:38:05","modified_gmt":"2026-04-12T21:38:05","slug":"contact","status":"publish","type":"page","link":"https:\/\/activetrainingway.com\/index.php\/contact\/","title":{"rendered":"Contact"},"content":{"rendered":"<p>Pour en savoir plus sur Active Training Way ou demander des d\u00e9tails sur nos prestations (conseils ou\u00a0 formations), n&rsquo;h\u00e9sitez \u00e0 nous contacter. Nous serons heureux de vous r\u00e9pondre.<\/p>\n<p>Pour toute demande de renseignements ou toute r\u00e9clamation, merci d&rsquo;adresser vos requ\u00eates \u00e0\u00a0 : contact@ActiveTrainingWay.com.<\/p>\n<p>D\u00e9claration d&rsquo;activit\u00e9 : Enregistr\u00e9e sous le num\u00e9ro 11922229972. Cet enregistrement ne vaut pas agr\u00e9ment de l\u2019\u00c9tat.<\/p>\n","protected":false},"excerpt":{"rendered":"<p>Pour en savoir plus sur Active Training Way ou demander des d\u00e9tails sur nos prestations (conseils ou\u00a0 formations), n&rsquo;h\u00e9sitez \u00e0 nous contacter. Nous serons heureux de vous r\u00e9pondre. Pour toute demande de renseignements ou toute r\u00e9clamation, merci d&rsquo;adresser vos requ\u00eates \u00e0\u00a0 : contact@ActiveTrainingWay.com. D\u00e9claration d&rsquo;activit\u00e9 : Enregistr\u00e9e sous le num\u00e9ro 11922229972. Cet enregistrement ne vaut &hellip; <\/p>\n<p class=\"link-more\"><a href=\"https:\/\/activetrainingway.com\/index.php\/contact\/\" class=\"more-link\">Continuer la lecture<span class=\"screen-reader-text\"> de &laquo;&nbsp;Contact&nbsp;&raquo;<\/span><\/a><\/p>\n","protected":false},"author":1,"featured_media":58,"parent":0,"menu_order":0,"comment_status":"closed","ping_status":"closed","template":"","meta":{"footnotes":""},"class_list":["post-9","page","type-page","status-publish","has-post-thumbnail","hentry"],"aioseo_notices":[],"_links":{"self":[{"href":"https:\/\/activetrainingway.com\/index.php\/wp-json\/wp\/v2\/pages\/9","targetHints":{"allow":["GET"]}}],"collection":[{"href":"https:\/\/activetrainingway.com\/index.php\/wp-json\/wp\/v2\/pages"}],"about":[{"href":"https:\/\/activetrainingway.com\/index.php\/wp-json\/wp\/v2\/types\/page"}],"author":[{"embeddable":true,"href":"https:\/\/activetrainingway.com\/index.php\/wp-json\/wp\/v2\/users\/1"}],"replies":[{"embeddable":true,"href":"https:\/\/activetrainingway.com\/index.php\/wp-json\/wp\/v2\/comments?post=9"}],"version-history":[{"count":18,"href":"https:\/\/activetrainingway.com\/index.php\/wp-json\/wp\/v2\/pages\/9\/revisions"}],"predecessor-version":[{"id":186,"href":"https:\/\/activetrainingway.com\/index.php\/wp-json\/wp\/v2\/pages\/9\/revisions\/186"}],"wp:featuredmedia":[{"embeddable":true,"href":"https:\/\/activetrainingway.com\/index.php\/wp-json\/wp\/v2\/media\/58"}],"wp:attachment":[{"href":"https:\/\/activetrainingway.com\/index.php\/wp-json\/wp\/v2\/media?parent=9"}],"curies":[{"name":"wp","href":"https:\/\/api.w.org\/{rel}","templated":true}]}}